{"id":186,"date":"2018-07-18T14:27:41","date_gmt":"2018-07-18T12:27:41","guid":{"rendered":"http:\/\/www.beautylooks.at\/?page_id=186"},"modified":"2018-07-18T14:28:36","modified_gmt":"2018-07-18T12:28:36","slug":"erklaerung-zur-informationspflicht","status":"publish","type":"page","link":"http:\/\/www.beautylooks.at\/?page_id=186","title":{"rendered":"Erkl\u00e4rung zur Informationspflicht"},"content":{"rendered":"<div class=\"entry-content\">\n<p><strong>(Datenschutzerkl\u00e4rung)<\/strong><\/p>\n<p>Der Schutz Ihrer pers\u00f6nlichen Daten ist mir ein besonderes Anliegen. Ich verarbeite Ihre Daten daher ausschlie\u00dflich auf Grundlage der gesetzlichen Bestimmungen (DSGVO, TKG 2003). In diesen Datenschutzinformationen informiere ich Sie \u00fcber die wichtigsten Aspekte der Datenverarbeitung im Rahmen meiner Website.<\/p>\n<p>&nbsp;<\/p>\n<p><strong>Kontakt <\/strong><\/p>\n<p>Wenn Sie per Formular auf der Website oder per E-Mail Kontakt mit mir aufnehmen, werden Ihre angegebenen Daten zwecks Bearbeitung der Anfrage sechs Monate gespeichert. Diese Daten gebe ich nicht ohne Ihre Einwilligung weiter.<\/p>\n<p>&nbsp;<\/p>\n<p><strong>Ihre Rechte<\/strong><\/p>\n<p>Ihnen stehen grunds\u00e4tzlich die Rechte auf Auskunft und Berichtigung Ihrer Daten zu. Wenn Sie glauben, dass die Verarbeitung Ihrer Daten gegen das Datenschutzrecht verst\u00f6\u00dft oder Ihre datenschutzrechtlichen Anspr\u00fcche sonst in einer Weise verletzt worden sind, k\u00f6nnen Sie sich bei der Aufsichtsbeh\u00f6rde beschweren. In \u00d6sterreich ist dies die Datenschutzbeh\u00f6rde.<\/p>\n<\/div>\n","protected":false},"excerpt":{"rendered":"<p>(Datenschutzerkl\u00e4rung) Der Schutz Ihrer pers\u00f6nlichen Daten ist mir ein besonderes Anliegen. Ich verarbeite Ihre Daten daher ausschlie\u00dflich auf Grundlage der gesetzlichen Bestimmungen (DSGVO, TKG 2003). In diesen Datenschutzinformationen informiere ich Sie \u00fcber die wichtigsten Aspekte der Datenverarbeitung im Rahmen meiner Website. &nbsp; Kontakt Wenn Sie per Formular auf der Website oder per E-Mail Kontakt mit &hellip; <a href=\"http:\/\/www.beautylooks.at\/?page_id=186\" class=\"more-link\"><span class=\"screen-reader-text\">Erkl\u00e4rung zur Informationspflicht<\/span> weiterlesen<\/a><\/p>\n","protected":false},"author":1,"featured_media":0,"parent":0,"menu_order":0,"comment_status":"closed","ping_status":"closed","template":"","meta":{"ngg_post_thumbnail":0,"footnotes":""},"class_list":["post-186","page","type-page","status-publish","hentry"],"_links":{"self":[{"href":"http:\/\/www.beautylooks.at\/index.php?rest_route=\/wp\/v2\/pages\/186","targetHints":{"allow":["GET"]}}],"collection":[{"href":"http:\/\/www.beautylooks.at\/index.php?rest_route=\/wp\/v2\/pages"}],"about":[{"href":"http:\/\/www.beautylooks.at\/index.php?rest_route=\/wp\/v2\/types\/page"}],"author":[{"embeddable":true,"href":"http:\/\/www.beautylooks.at\/index.php?rest_route=\/wp\/v2\/users\/1"}],"replies":[{"embeddable":true,"href":"http:\/\/www.beautylooks.at\/index.php?rest_route=%2Fwp%2Fv2%2Fcomments&post=186"}],"version-history":[{"count":2,"href":"http:\/\/www.beautylooks.at\/index.php?rest_route=\/wp\/v2\/pages\/186\/revisions"}],"predecessor-version":[{"id":189,"href":"http:\/\/www.beautylooks.at\/index.php?rest_route=\/wp\/v2\/pages\/186\/revisions\/189"}],"wp:attachment":[{"href":"http:\/\/www.beautylooks.at\/index.php?rest_route=%2Fwp%2Fv2%2Fmedia&parent=186"}],"curies":[{"name":"wp","href":"https:\/\/api.w.org\/{rel}","templated":true}]}}